{"id":4069,"date":"2017-12-20T10:19:38","date_gmt":"2017-12-20T10:19:38","guid":{"rendered":"https:\/\/wimmulkens.nl\/?post_type=product&#038;p=4069"},"modified":"2017-12-20T10:19:38","modified_gmt":"2017-12-20T10:19:38","slug":"expressions-sous-vide-slow-cooker-ep4000","status":"publish","type":"product","link":"https:\/\/wimmulkens.nl\/?product=expressions-sous-vide-slow-cooker-ep4000","title":{"rendered":"Expressions Sous Vide &#038; Slow Cooker EP4000"},"content":{"rendered":"<p>Bereid moeiteloos mals en sappig vlees met de Sous Vide instelling en traditionele stoofschotels en andere lekkernijen met de Slowcookerfunctie.<br \/>\nDe Espressions DUO Sous Vide &amp; Slowcooker biedt namelijk beide functies in \u00e9\u00e9n apparaat.<br \/>\nOntdek zelf het geheim van de top chefs!<br \/>\nVacumeer<br \/>\nhet voedsel en leg de vacu\u00fcmzak in het voorverwarmde water en stel de timer<br \/>\nin. Doordat het vlees in een afgesloten zak gaart, hebben factoren van buitenaf geen invloed.<br \/>\nWanneer het geluidsignaal<br \/>\nklinkt is het vlees heerlijk mals en ongekend vol van smaak.<br \/>\nMet de Slowcooker bereid je eenvoudig complete maaltijden zonder zelf in de keuken te staan. Voeg de ingredi\u00ebnten \u2018s morgens in de pan en schakel de<br \/>\nslowcooker in.<br \/>\nBij thuiskomt na een drukke werkdag of gezellig uitje kan je direct aan tafel! Door de garing op lage temperatuur zitten er meer vitamines en voedingstoffen in dan bij gewoon koken. En dat met minder moeite!<\/p>\n<p>Sous Vide<br \/>\n\u2022Vacu\u00fcm verpakt garen tot op 1\u00b0C nauwkeurig<br \/>\n\u2022Inhoud tot 5,5 liter<br \/>\n\u2022Kook sappiger, smaakvoller en gezonder<br \/>\n\u2022Geschikt voor vis, vlees, groenten, fruit en marinades<br \/>\n\u2022Optimaal behoud van structuur, smaak en voedingsstoffen<br \/>\n\u2022Temperatuurinstelling van 40\u00b0C tot 90\u00b0C en \u2018Keep Warm\u2019 stand Slow Cooking<br \/>\n\u2022Smaakvol, gezond en eenvoudig<br \/>\n\u2022Inhoud tot 5,5 liter<br \/>\n\u2022Langzaam garen voor een optimaal resultaat<br \/>\n\u2022Bereid eenvoudig heerlijke gerechten, met meer tijd voor jezelf<br \/>\n\u2022\u2018Low\u2019, \u2018High\u2019 en \u2018Keep Warm\u2019 stand<\/p>\n","protected":false},"excerpt":{"rendered":"<p>Bereid moeiteloos mals en sappig vlees met de Sous Vide instelling en traditionele stoofschotels en andere lekkernijen met de Slowcookerfunctie. De Espressions DUO Sous Vide &amp; Slowcooker biedt namelijk beide functies in \u00e9\u00e9n apparaat. Ontdek zelf het geheim van de top chefs! Vacumeer het voedsel en leg de vacu\u00fcmzak in het voorverwarmde water en stel [&#8230;]\n","protected":false},"featured_media":4070,"template":"","meta":[],"product_brand":[],"product_cat":[207],"product_tag":[],"class_list":{"0":"post-4069","1":"product","2":"type-product","3":"status-publish","4":"has-post-thumbnail","6":"product_cat-keuken","8":"first","9":"instock","10":"taxable","11":"shipping-taxable","12":"purchasable","13":"product-type-simple"},"_links":{"self":[{"href":"https:\/\/wimmulkens.nl\/index.php?rest_route=\/wp\/v2\/product\/4069","targetHints":{"allow":["GET"]}}],"collection":[{"href":"https:\/\/wimmulkens.nl\/index.php?rest_route=\/wp\/v2\/product"}],"about":[{"href":"https:\/\/wimmulkens.nl\/index.php?rest_route=\/wp\/v2\/types\/product"}],"wp:featuredmedia":[{"embeddable":true,"href":"https:\/\/wimmulkens.nl\/index.php?rest_route=\/wp\/v2\/media\/4070"}],"wp:attachment":[{"href":"https:\/\/wimmulkens.nl\/index.php?rest_route=%2Fwp%2Fv2%2Fmedia&parent=4069"}],"wp:term":[{"taxonomy":"product_brand","embeddable":true,"href":"https:\/\/wimmulkens.nl\/index.php?rest_route=%2Fwp%2Fv2%2Fproduct_brand&post=4069"},{"taxonomy":"product_cat","embeddable":true,"href":"https:\/\/wimmulkens.nl\/index.php?rest_route=%2Fwp%2Fv2%2Fproduct_cat&post=4069"},{"taxonomy":"product_tag","embeddable":true,"href":"https:\/\/wimmulkens.nl\/index.php?rest_route=%2Fwp%2Fv2%2Fproduct_tag&post=4069"}],"curies":[{"name":"wp","href":"https:\/\/api.w.org\/{rel}","templated":true}]}}